{"id":861,"date":"2023-12-13T18:20:07","date_gmt":"2023-12-13T21:20:07","guid":{"rendered":"https:\/\/www.ingema.com.uy\/ingema\/?page_id=861"},"modified":"2024-01-16T08:40:12","modified_gmt":"2024-01-16T11:40:12","slug":"nosotros-2","status":"publish","type":"page","link":"https:\/\/www.ingema.com.uy\/ingema\/ingema-gestion-mantenimiento-integral\/nosotros-2\/","title":{"rendered":"Nosotros"},"content":{"rendered":"\t\t<div data-elementor-type=\"wp-post\" data-elementor-id=\"861\" class=\"elementor elementor-861\">\n\t\t\t\t\t\t\t\t\t<section class=\"elementor-section elementor-top-section elementor-element elementor-element-8cade41 elementor-section-content-middle elementor-section-boxed elementor-section-height-default elementor-section-height-default\" data-id=\"8cade41\" data-element_type=\"section\" data-settings=\"{&quot;background_background&quot;:&quot;classic&quot;,&quot;shape_divider_bottom&quot;:&quot;waves&quot;}\">\n\t\t\t\t\t\t\t<div class=\"elementor-background-overlay\"><\/div>\n\t\t\t\t\t\t<div class=\"elementor-shape elementor-shape-bottom\" data-negative=\"false\">\n\t\t\t<svg xmlns=\"http:\/\/www.w3.org\/2000\/svg\" viewBox=\"0 0 1000 100\" preserveAspectRatio=\"none\">\n\t<path class=\"elementor-shape-fill\" d=\"M421.9,6.5c22.6-2.5,51.5,0.4,75.5,5.3c23.6,4.9,70.9,23.5,100.5,35.7c75.8,32.2,133.7,44.5,192.6,49.7\n\tc23.6,2.1,48.7,3.5,103.4-2.5c54.7-6,106.2-25.6,106.2-25.6V0H0v30.3c0,0,72,32.6,158.4,30.5c39.2-0.7,92.8-6.7,134-22.4\n\tc21.2-8.1,52.2-18.2,79.7-24.2C399.3,7.9,411.6,7.5,421.9,6.5z\"\/>\n<\/svg>\t\t<\/div>\n\t\t\t\t\t<div class=\"elementor-container elementor-column-gap-default\">\n\t\t\t\t\t<div class=\"elementor-column elementor-col-100 elementor-top-column elementor-element elementor-element-6e21db4\" data-id=\"6e21db4\" data-element_type=\"column\">\n\t\t\t<div class=\"elementor-widget-wrap elementor-element-populated\">\n\t\t\t\t\t\t\t\t<div class=\"elementor-element elementor-element-591e599 elementor-widget elementor-widget-heading\" data-id=\"591e599\" data-element_type=\"widget\" data-widget_type=\"heading.default\">\n\t\t\t\t<div class=\"elementor-widget-container\">\n\t\t\t<h2 class=\"elementor-heading-title elementor-size-default\">Nosotros<\/h2>\t\t<\/div>\n\t\t\t\t<\/div>\n\t\t\t\t\t<\/div>\n\t\t<\/div>\n\t\t\t\t\t\t\t<\/div>\n\t\t<\/section>\n\t\t\t\t<section class=\"elementor-section elementor-top-section elementor-element elementor-element-2e461b0 elementor-section-boxed elementor-section-height-default elementor-section-height-default\" data-id=\"2e461b0\" data-element_type=\"section\" data-settings=\"{&quot;background_background&quot;:&quot;classic&quot;}\">\n\t\t\t\t\t\t\t<div class=\"elementor-background-overlay\"><\/div>\n\t\t\t\t\t\t\t<div class=\"elementor-container elementor-column-gap-default\">\n\t\t\t\t\t<div class=\"elementor-column elementor-col-50 elementor-top-column elementor-element elementor-element-8c13075\" data-id=\"8c13075\" data-element_type=\"column\">\n\t\t\t<div class=\"elementor-widget-wrap elementor-element-populated\">\n\t\t\t\t\t\t\t\t<div class=\"elementor-element elementor-element-41aa63d elementor-widget elementor-widget-text-editor\" data-id=\"41aa63d\" data-element_type=\"widget\" data-widget_type=\"text-editor.default\">\n\t\t\t\t<div class=\"elementor-widget-container\">\n\t\t\t\t\t\t\t<p style=\"text-align: left;\">Somos una empresa joven que se especializa en la prestaci\u00f3n de servicios personalizados de mantenimiento e ingenier\u00eda con el fin de ayudar a nuestros clientes a optimizar el rendimiento, eficiencia y costo de sus operaciones.<\/p><p style=\"text-align: left;\">Desde la evaluaci\u00f3n y optimizaci\u00f3n de procesos hasta la implementaci\u00f3n de tecnolog\u00edas avanzadas, ofrecemos soluciones adaptadas a las necesidades espec\u00edficas de cada cliente.\u00a0<\/p><p style=\"text-align: left;\">Con visi\u00f3n de futuro, enfoque en la excelencia y satisfacci\u00f3n del cliente, creemos en la importancia de la colaboraci\u00f3n y formaci\u00f3n de equipos s\u00f3lidos con nuestros clientes o con otras empresas y organizaciones, para fomentar la innovaci\u00f3n, eficiencia y sustentabilidad.<\/p><p style=\"text-align: left;\">\u00a0<\/p>\t\t\t\t\t\t<\/div>\n\t\t\t\t<\/div>\n\t\t\t\t\t<\/div>\n\t\t<\/div>\n\t\t\t\t<div class=\"elementor-column elementor-col-50 elementor-top-column elementor-element elementor-element-48cbaf4\" data-id=\"48cbaf4\" data-element_type=\"column\">\n\t\t\t<div class=\"elementor-widget-wrap elementor-element-populated\">\n\t\t\t\t\t\t\t\t<div class=\"elementor-element elementor-element-6c3d050 elementor-widget elementor-widget-image\" data-id=\"6c3d050\" data-element_type=\"widget\" data-widget_type=\"image.default\">\n\t\t\t\t<div class=\"elementor-widget-container\">\n\t\t\t\t\t\t\t\t\t\t\t\t\t\t\t<img fetchpriority=\"high\" decoding=\"async\" width=\"1600\" height=\"1068\" src=\"https:\/\/www.ingema.com.uy\/ingema\/wp-content\/uploads\/2023\/12\/Mantenimineto-1.jpg\" class=\"attachment-full size-full wp-image-754\" alt=\"\" srcset=\"https:\/\/www.ingema.com.uy\/ingema\/wp-content\/uploads\/2023\/12\/Mantenimineto-1.jpg 1600w, https:\/\/www.ingema.com.uy\/ingema\/wp-content\/uploads\/2023\/12\/Mantenimineto-1-300x200.jpg 300w, https:\/\/www.ingema.com.uy\/ingema\/wp-content\/uploads\/2023\/12\/Mantenimineto-1-1024x684.jpg 1024w, https:\/\/www.ingema.com.uy\/ingema\/wp-content\/uploads\/2023\/12\/Mantenimineto-1-768x513.jpg 768w, https:\/\/www.ingema.com.uy\/ingema\/wp-content\/uploads\/2023\/12\/Mantenimineto-1-1536x1025.jpg 1536w, https:\/\/www.ingema.com.uy\/ingema\/wp-content\/uploads\/2023\/12\/Mantenimineto-1-850x567.jpg 850w\" sizes=\"(max-width: 1600px) 100vw, 1600px\" \/>\t\t\t\t\t\t\t\t\t\t\t\t\t\t\t<\/div>\n\t\t\t\t<\/div>\n\t\t\t\t\t<\/div>\n\t\t<\/div>\n\t\t\t\t\t\t\t<\/div>\n\t\t<\/section>\n\t\t\t\t<section class=\"elementor-section elementor-top-section elementor-element elementor-element-274cbfb elementor-section-content-middle elementor-section-stretched elementor-section-boxed elementor-section-height-default elementor-section-height-default\" data-id=\"274cbfb\" data-element_type=\"section\" data-settings=\"{&quot;background_background&quot;:&quot;classic&quot;,&quot;stretch_section&quot;:&quot;section-stretched&quot;}\">\n\t\t\t\t\t\t\t<div class=\"elementor-background-overlay\"><\/div>\n\t\t\t\t\t\t\t<div class=\"elementor-container elementor-column-gap-default\">\n\t\t\t\t\t<div class=\"elementor-column elementor-col-100 elementor-top-column elementor-element elementor-element-a6cc626\" data-id=\"a6cc626\" data-element_type=\"column\">\n\t\t\t<div class=\"elementor-widget-wrap elementor-element-populated\">\n\t\t\t\t\t\t\t\t<div class=\"elementor-element elementor-element-4afee39 elementor-widget elementor-widget-text-editor\" data-id=\"4afee39\" data-element_type=\"widget\" data-widget_type=\"text-editor.default\">\n\t\t\t\t<div class=\"elementor-widget-container\">\n\t\t\t\t\t\t\t<p style=\"text-align: center;\">Creemos en la importancia de la colaboraci\u00f3n y la formaci\u00f3n de s\u00f3lidos equipos, tanto con nuestros clientes como con otras empresas y organizaciones, para impulsar la innovaci\u00f3n, eficiencia y la sustentabilidad.<\/p>\t\t\t\t\t\t<\/div>\n\t\t\t\t<\/div>\n\t\t\t\t\t<\/div>\n\t\t<\/div>\n\t\t\t\t\t\t\t<\/div>\n\t\t<\/section>\n\t\t\t\t<section class=\"elementor-section elementor-top-section elementor-element elementor-element-63733a8 elementor-section-boxed elementor-section-height-default elementor-section-height-default\" data-id=\"63733a8\" data-element_type=\"section\" data-settings=\"{&quot;background_background&quot;:&quot;classic&quot;}\">\n\t\t\t\t\t\t\t<div class=\"elementor-background-overlay\"><\/div>\n\t\t\t\t\t\t\t<div class=\"elementor-container elementor-column-gap-default\">\n\t\t\t\t\t<div class=\"elementor-column elementor-col-50 elementor-top-column elementor-element elementor-element-cee1c80\" data-id=\"cee1c80\" data-element_type=\"column\">\n\t\t\t<div class=\"elementor-widget-wrap elementor-element-populated\">\n\t\t\t\t\t\t\t\t<div class=\"elementor-element elementor-element-3168a33 elementor-widget elementor-widget-image\" data-id=\"3168a33\" data-element_type=\"widget\" data-widget_type=\"image.default\">\n\t\t\t\t<div class=\"elementor-widget-container\">\n\t\t\t\t\t\t\t\t\t\t\t\t\t\t\t<img decoding=\"async\" width=\"800\" height=\"533\" src=\"https:\/\/www.ingema.com.uy\/ingema\/wp-content\/uploads\/2023\/12\/Mision.jpg\" class=\"attachment-large size-large wp-image-902\" alt=\"\" srcset=\"https:\/\/www.ingema.com.uy\/ingema\/wp-content\/uploads\/2023\/12\/Mision.jpg 800w, https:\/\/www.ingema.com.uy\/ingema\/wp-content\/uploads\/2023\/12\/Mision-300x200.jpg 300w, https:\/\/www.ingema.com.uy\/ingema\/wp-content\/uploads\/2023\/12\/Mision-768x512.jpg 768w\" sizes=\"(max-width: 800px) 100vw, 800px\" \/>\t\t\t\t\t\t\t\t\t\t\t\t\t\t\t<\/div>\n\t\t\t\t<\/div>\n\t\t\t\t<div class=\"elementor-element elementor-element-94d810c elementor-widget elementor-widget-heading\" data-id=\"94d810c\" data-element_type=\"widget\" data-widget_type=\"heading.default\">\n\t\t\t\t<div class=\"elementor-widget-container\">\n\t\t\t<h2 class=\"elementor-heading-title elementor-size-xl\">Misi\u00f3n<\/h2>\t\t<\/div>\n\t\t\t\t<\/div>\n\t\t\t\t<div class=\"elementor-element elementor-element-5c7ec01 elementor-widget elementor-widget-text-editor\" data-id=\"5c7ec01\" data-element_type=\"widget\" data-widget_type=\"text-editor.default\">\n\t\t\t\t<div class=\"elementor-widget-container\">\n\t\t\t\t\t\t\t<p style=\"text-align: center;\">Brindar soluciones integrales de mantenimiento e ingenier\u00eda de alta calidad, con el objetivo de maximizar la eficiencia y la rentabilidad de las empresas enfocados en las necesidades de nuestro cliente y la mejora continua.<\/p>\t\t\t\t\t\t<\/div>\n\t\t\t\t<\/div>\n\t\t\t\t\t<\/div>\n\t\t<\/div>\n\t\t\t\t<div class=\"elementor-column elementor-col-50 elementor-top-column elementor-element elementor-element-c051127\" data-id=\"c051127\" data-element_type=\"column\">\n\t\t\t<div class=\"elementor-widget-wrap elementor-element-populated\">\n\t\t\t\t\t\t\t\t<div class=\"elementor-element elementor-element-9e1d50d elementor-widget elementor-widget-image\" data-id=\"9e1d50d\" data-element_type=\"widget\" data-widget_type=\"image.default\">\n\t\t\t\t<div class=\"elementor-widget-container\">\n\t\t\t\t\t\t\t\t\t\t\t\t\t\t\t<img decoding=\"async\" width=\"800\" height=\"534\" src=\"https:\/\/www.ingema.com.uy\/ingema\/wp-content\/uploads\/2023\/12\/Vision.jpg\" class=\"attachment-large size-large wp-image-901\" alt=\"\" srcset=\"https:\/\/www.ingema.com.uy\/ingema\/wp-content\/uploads\/2023\/12\/Vision.jpg 800w, https:\/\/www.ingema.com.uy\/ingema\/wp-content\/uploads\/2023\/12\/Vision-300x200.jpg 300w, https:\/\/www.ingema.com.uy\/ingema\/wp-content\/uploads\/2023\/12\/Vision-768x513.jpg 768w\" sizes=\"(max-width: 800px) 100vw, 800px\" \/>\t\t\t\t\t\t\t\t\t\t\t\t\t\t\t<\/div>\n\t\t\t\t<\/div>\n\t\t\t\t<div class=\"elementor-element elementor-element-1e64b20 elementor-widget elementor-widget-heading\" data-id=\"1e64b20\" data-element_type=\"widget\" data-widget_type=\"heading.default\">\n\t\t\t\t<div class=\"elementor-widget-container\">\n\t\t\t<h2 class=\"elementor-heading-title elementor-size-xl\">Visi\u00f3n<\/h2>\t\t<\/div>\n\t\t\t\t<\/div>\n\t\t\t\t<div class=\"elementor-element elementor-element-d9c8460 elementor-widget elementor-widget-text-editor\" data-id=\"d9c8460\" data-element_type=\"widget\" data-widget_type=\"text-editor.default\">\n\t\t\t\t<div class=\"elementor-widget-container\">\n\t\t\t\t\t\t\t<p>Ser la fuerza motriz que respalda a las empresas en la gesti\u00f3n sostenible de sus activos, aportando innovaci\u00f3n y colaboraci\u00f3n para un impacto positivo y duradero en la industria y la sociedad<\/p>\t\t\t\t\t\t<\/div>\n\t\t\t\t<\/div>\n\t\t\t\t\t<\/div>\n\t\t<\/div>\n\t\t\t\t\t\t\t<\/div>\n\t\t<\/section>\n\t\t\t\t<section class=\"elementor-section elementor-top-section elementor-element elementor-element-e74d316 elementor-section-boxed elementor-section-height-default elementor-section-height-default\" data-id=\"e74d316\" data-element_type=\"section\">\n\t\t\t\t\t\t<div class=\"elementor-container elementor-column-gap-default\">\n\t\t\t\t\t<div class=\"elementor-column elementor-col-50 elementor-top-column elementor-element elementor-element-d959984\" data-id=\"d959984\" data-element_type=\"column\">\n\t\t\t<div class=\"elementor-widget-wrap elementor-element-populated\">\n\t\t\t\t\t\t\t\t<div class=\"elementor-element elementor-element-0e7b136 elementor-widget elementor-widget-image\" data-id=\"0e7b136\" data-element_type=\"widget\" data-widget_type=\"image.default\">\n\t\t\t\t<div class=\"elementor-widget-container\">\n\t\t\t\t\t\t\t\t\t\t\t\t\t\t\t<img loading=\"lazy\" decoding=\"async\" width=\"800\" height=\"607\" src=\"https:\/\/www.ingema.com.uy\/ingema\/wp-content\/uploads\/2023\/12\/Valores.jpg\" class=\"attachment-large size-large wp-image-900\" alt=\"\" srcset=\"https:\/\/www.ingema.com.uy\/ingema\/wp-content\/uploads\/2023\/12\/Valores.jpg 800w, https:\/\/www.ingema.com.uy\/ingema\/wp-content\/uploads\/2023\/12\/Valores-300x228.jpg 300w, https:\/\/www.ingema.com.uy\/ingema\/wp-content\/uploads\/2023\/12\/Valores-768x583.jpg 768w\" sizes=\"(max-width: 800px) 100vw, 800px\" \/>\t\t\t\t\t\t\t\t\t\t\t\t\t\t\t<\/div>\n\t\t\t\t<\/div>\n\t\t\t\t\t<\/div>\n\t\t<\/div>\n\t\t\t\t<div class=\"elementor-column elementor-col-50 elementor-top-column elementor-element elementor-element-a26d6e7\" data-id=\"a26d6e7\" data-element_type=\"column\">\n\t\t\t<div class=\"elementor-widget-wrap elementor-element-populated\">\n\t\t\t\t\t\t\t\t<div class=\"elementor-element elementor-element-f45c453 elementor-widget elementor-widget-heading\" data-id=\"f45c453\" data-element_type=\"widget\" data-widget_type=\"heading.default\">\n\t\t\t\t<div class=\"elementor-widget-container\">\n\t\t\t<h2 class=\"elementor-heading-title elementor-size-xl\">Valores<\/h2>\t\t<\/div>\n\t\t\t\t<\/div>\n\t\t\t\t<div class=\"elementor-element elementor-element-0c79d40 elementor-widget elementor-widget-text-editor\" data-id=\"0c79d40\" data-element_type=\"widget\" data-widget_type=\"text-editor.default\">\n\t\t\t\t<div class=\"elementor-widget-container\">\n\t\t\t\t\t\t\t<ul><li>Trabajo en equipo: Fomentamos la colaboraci\u00f3n y el trabajo en equipo entre nuestros colaboradores, clientes y proveedores, reconociendo que juntos podemos lograr grandes cosas.<\/li><li>Responsabilidad: Somos conscientes de la importancia del trabajo que realizamos y asumimos la responsabilidad de nuestras acciones en todo momento.<\/li><li>\u00c9tica: Actuamos con integridad y transparencia en todo momento.<\/li><li>Excelencia: Nos esforzamos por superar las expectativas de nuestros clientes en todo momento.<\/li><\/ul>\t\t\t\t\t\t<\/div>\n\t\t\t\t<\/div>\n\t\t\t\t\t<\/div>\n\t\t<\/div>\n\t\t\t\t\t\t\t<\/div>\n\t\t<\/section>\n\t\t\t\t<section class=\"elementor-section elementor-top-section elementor-element elementor-element-77782fc elementor-section-boxed elementor-section-height-default elementor-section-height-default\" data-id=\"77782fc\" data-element_type=\"section\">\n\t\t\t\t\t\t<div class=\"elementor-container elementor-column-gap-default\">\n\t\t\t\t\t<div class=\"elementor-column elementor-col-33 elementor-top-column elementor-element elementor-element-1f8b292\" data-id=\"1f8b292\" data-element_type=\"column\">\n\t\t\t<div class=\"elementor-widget-wrap\">\n\t\t\t\t\t\t\t\t\t<\/div>\n\t\t<\/div>\n\t\t\t\t<div class=\"elementor-column elementor-col-33 elementor-top-column elementor-element elementor-element-36a6712\" data-id=\"36a6712\" data-element_type=\"column\">\n\t\t\t<div class=\"elementor-widget-wrap\">\n\t\t\t\t\t\t\t\t\t<\/div>\n\t\t<\/div>\n\t\t\t\t<div class=\"elementor-column elementor-col-33 elementor-top-column elementor-element elementor-element-24b2745\" data-id=\"24b2745\" data-element_type=\"column\">\n\t\t\t<div class=\"elementor-widget-wrap\">\n\t\t\t\t\t\t\t\t\t<\/div>\n\t\t<\/div>\n\t\t\t\t\t\t\t<\/div>\n\t\t<\/section>\n\t\t\t\t<section class=\"elementor-section elementor-top-section elementor-element elementor-element-dfd35f1 elementor-section-boxed elementor-section-height-default elementor-section-height-default\" data-id=\"dfd35f1\" data-element_type=\"section\" data-settings=\"{&quot;background_background&quot;:&quot;classic&quot;}\">\n\t\t\t\t\t\t\t<div class=\"elementor-background-overlay\"><\/div>\n\t\t\t\t\t\t\t<div class=\"elementor-container elementor-column-gap-default\">\n\t\t\t\t\t<div class=\"elementor-column elementor-col-50 elementor-top-column elementor-element elementor-element-c68e21c\" data-id=\"c68e21c\" data-element_type=\"column\">\n\t\t\t<div class=\"elementor-widget-wrap\">\n\t\t\t\t\t\t\t\t\t<\/div>\n\t\t<\/div>\n\t\t\t\t<div class=\"elementor-column elementor-col-50 elementor-top-column elementor-element elementor-element-2b791dd\" data-id=\"2b791dd\" data-element_type=\"column\">\n\t\t\t<div class=\"elementor-widget-wrap\">\n\t\t\t\t\t\t\t\t\t<\/div>\n\t\t<\/div>\n\t\t\t\t\t\t\t<\/div>\n\t\t<\/section>\n\t\t\t\t\t\t\t<\/div>\n\t\t","protected":false},"excerpt":{"rendered":"<p>Nosotros Somos una empresa joven que se especializa en la prestaci\u00f3n de servicios personalizados de mantenimiento e ingenier\u00eda con el fin de ayudar a nuestros clientes a optimizar el rendimiento, eficiencia y costo de sus operaciones. Desde la evaluaci\u00f3n y optimizaci\u00f3n de procesos hasta la implementaci\u00f3n de tecnolog\u00edas avanzadas, ofrecemos soluciones adaptadas a las necesidades&hellip;<\/p>\n","protected":false},"author":1,"featured_media":0,"parent":731,"menu_order":0,"comment_status":"closed","ping_status":"closed","template":"","meta":{"footnotes":""},"yoast_head":"<!-- This site is optimized with the Yoast SEO plugin v21.6 - https:\/\/yoast.com\/wordpress\/plugins\/seo\/ -->\n<title>Nosotros - ingema<\/title>\n<meta name=\"robots\" content=\"index, follow, max-snippet:-1, max-image-preview:large, max-video-preview:-1\" \/>\n<link rel=\"canonical\" href=\"https:\/\/www.ingema.com.uy\/ingema\/ingema-gestion-mantenimiento-integral\/nosotros-2\/\" \/>\n<meta property=\"og:locale\" content=\"es_ES\" \/>\n<meta property=\"og:type\" content=\"article\" \/>\n<meta property=\"og:title\" content=\"Nosotros - ingema\" \/>\n<meta property=\"og:description\" content=\"Nosotros Somos una empresa joven que se especializa en la prestaci\u00f3n de servicios personalizados de mantenimiento e ingenier\u00eda con el fin de ayudar a nuestros clientes a optimizar el rendimiento, eficiencia y costo de sus operaciones. Desde la evaluaci\u00f3n y optimizaci\u00f3n de procesos hasta la implementaci\u00f3n de tecnolog\u00edas avanzadas, ofrecemos soluciones adaptadas a las necesidades&hellip;\" \/>\n<meta property=\"og:url\" content=\"https:\/\/www.ingema.com.uy\/ingema\/ingema-gestion-mantenimiento-integral\/nosotros-2\/\" \/>\n<meta property=\"og:site_name\" content=\"ingema\" \/>\n<meta property=\"article:modified_time\" content=\"2024-01-16T11:40:12+00:00\" \/>\n<meta property=\"og:image\" content=\"https:\/\/www.ingema.com.uy\/ingema\/wp-content\/uploads\/2023\/12\/Mantenimineto-1.jpg\" \/>\n<meta name=\"twitter:card\" content=\"summary_large_image\" \/>\n<meta name=\"twitter:label1\" content=\"Tiempo de lectura\" \/>\n\t<meta name=\"twitter:data1\" content=\"3 minutos\" \/>\n<script type=\"application\/ld+json\" class=\"yoast-schema-graph\">{\"@context\":\"https:\/\/schema.org\",\"@graph\":[{\"@type\":\"WebPage\",\"@id\":\"https:\/\/www.ingema.com.uy\/ingema\/ingema-gestion-mantenimiento-integral\/nosotros-2\/\",\"url\":\"https:\/\/www.ingema.com.uy\/ingema\/ingema-gestion-mantenimiento-integral\/nosotros-2\/\",\"name\":\"Nosotros - ingema\",\"isPartOf\":{\"@id\":\"https:\/\/www.ingema.com.uy\/ingema\/#website\"},\"datePublished\":\"2023-12-13T21:20:07+00:00\",\"dateModified\":\"2024-01-16T11:40:12+00:00\",\"breadcrumb\":{\"@id\":\"https:\/\/www.ingema.com.uy\/ingema\/ingema-gestion-mantenimiento-integral\/nosotros-2\/#breadcrumb\"},\"inLanguage\":\"es\",\"potentialAction\":[{\"@type\":\"ReadAction\",\"target\":[\"https:\/\/www.ingema.com.uy\/ingema\/ingema-gestion-mantenimiento-integral\/nosotros-2\/\"]}]},{\"@type\":\"BreadcrumbList\",\"@id\":\"https:\/\/www.ingema.com.uy\/ingema\/ingema-gestion-mantenimiento-integral\/nosotros-2\/#breadcrumb\",\"itemListElement\":[{\"@type\":\"ListItem\",\"position\":1,\"name\":\"Portada\",\"item\":\"https:\/\/www.ingema.com.uy\/ingema\/\"},{\"@type\":\"ListItem\",\"position\":2,\"name\":\"Ingema &#8211; Gesti\u00f3n de Mantenimiento Integral\",\"item\":\"https:\/\/www.ingema.com.uy\/ingema\/\"},{\"@type\":\"ListItem\",\"position\":3,\"name\":\"Nosotros\"}]},{\"@type\":\"WebSite\",\"@id\":\"https:\/\/www.ingema.com.uy\/ingema\/#website\",\"url\":\"https:\/\/www.ingema.com.uy\/ingema\/\",\"name\":\"ingema\",\"description\":\"Ingenier\u00eda y mantenimiento\",\"publisher\":{\"@id\":\"https:\/\/www.ingema.com.uy\/ingema\/#organization\"},\"potentialAction\":[{\"@type\":\"SearchAction\",\"target\":{\"@type\":\"EntryPoint\",\"urlTemplate\":\"https:\/\/www.ingema.com.uy\/ingema\/?s={search_term_string}\"},\"query-input\":\"required name=search_term_string\"}],\"inLanguage\":\"es\"},{\"@type\":\"Organization\",\"@id\":\"https:\/\/www.ingema.com.uy\/ingema\/#organization\",\"name\":\"ingema\",\"url\":\"https:\/\/www.ingema.com.uy\/ingema\/\",\"logo\":{\"@type\":\"ImageObject\",\"inLanguage\":\"es\",\"@id\":\"https:\/\/www.ingema.com.uy\/ingema\/#\/schema\/logo\/image\/\",\"url\":\"https:\/\/www.ingema.com.uy\/ingema\/wp-content\/uploads\/2020\/11\/cropped-INGEMA-para-fondos-oscuros-e1701897516994.png\",\"contentUrl\":\"https:\/\/www.ingema.com.uy\/ingema\/wp-content\/uploads\/2020\/11\/cropped-INGEMA-para-fondos-oscuros-e1701897516994.png\",\"width\":295,\"height\":80,\"caption\":\"ingema\"},\"image\":{\"@id\":\"https:\/\/www.ingema.com.uy\/ingema\/#\/schema\/logo\/image\/\"}}]}<\/script>\n<!-- \/ Yoast SEO plugin. -->","yoast_head_json":{"title":"Nosotros - ingema","robots":{"index":"index","follow":"follow","max-snippet":"max-snippet:-1","max-image-preview":"max-image-preview:large","max-video-preview":"max-video-preview:-1"},"canonical":"https:\/\/www.ingema.com.uy\/ingema\/ingema-gestion-mantenimiento-integral\/nosotros-2\/","og_locale":"es_ES","og_type":"article","og_title":"Nosotros - ingema","og_description":"Nosotros Somos una empresa joven que se especializa en la prestaci\u00f3n de servicios personalizados de mantenimiento e ingenier\u00eda con el fin de ayudar a nuestros clientes a optimizar el rendimiento, eficiencia y costo de sus operaciones. Desde la evaluaci\u00f3n y optimizaci\u00f3n de procesos hasta la implementaci\u00f3n de tecnolog\u00edas avanzadas, ofrecemos soluciones adaptadas a las necesidades&hellip;","og_url":"https:\/\/www.ingema.com.uy\/ingema\/ingema-gestion-mantenimiento-integral\/nosotros-2\/","og_site_name":"ingema","article_modified_time":"2024-01-16T11:40:12+00:00","og_image":[{"url":"https:\/\/www.ingema.com.uy\/ingema\/wp-content\/uploads\/2023\/12\/Mantenimineto-1.jpg"}],"twitter_card":"summary_large_image","twitter_misc":{"Tiempo de lectura":"3 minutos"},"schema":{"@context":"https:\/\/schema.org","@graph":[{"@type":"WebPage","@id":"https:\/\/www.ingema.com.uy\/ingema\/ingema-gestion-mantenimiento-integral\/nosotros-2\/","url":"https:\/\/www.ingema.com.uy\/ingema\/ingema-gestion-mantenimiento-integral\/nosotros-2\/","name":"Nosotros - ingema","isPartOf":{"@id":"https:\/\/www.ingema.com.uy\/ingema\/#website"},"datePublished":"2023-12-13T21:20:07+00:00","dateModified":"2024-01-16T11:40:12+00:00","breadcrumb":{"@id":"https:\/\/www.ingema.com.uy\/ingema\/ingema-gestion-mantenimiento-integral\/nosotros-2\/#breadcrumb"},"inLanguage":"es","potentialAction":[{"@type":"ReadAction","target":["https:\/\/www.ingema.com.uy\/ingema\/ingema-gestion-mantenimiento-integral\/nosotros-2\/"]}]},{"@type":"BreadcrumbList","@id":"https:\/\/www.ingema.com.uy\/ingema\/ingema-gestion-mantenimiento-integral\/nosotros-2\/#breadcrumb","itemListElement":[{"@type":"ListItem","position":1,"name":"Portada","item":"https:\/\/www.ingema.com.uy\/ingema\/"},{"@type":"ListItem","position":2,"name":"Ingema &#8211; Gesti\u00f3n de Mantenimiento Integral","item":"https:\/\/www.ingema.com.uy\/ingema\/"},{"@type":"ListItem","position":3,"name":"Nosotros"}]},{"@type":"WebSite","@id":"https:\/\/www.ingema.com.uy\/ingema\/#website","url":"https:\/\/www.ingema.com.uy\/ingema\/","name":"ingema","description":"Ingenier\u00eda y mantenimiento","publisher":{"@id":"https:\/\/www.ingema.com.uy\/ingema\/#organization"},"potentialAction":[{"@type":"SearchAction","target":{"@type":"EntryPoint","urlTemplate":"https:\/\/www.ingema.com.uy\/ingema\/?s={search_term_string}"},"query-input":"required name=search_term_string"}],"inLanguage":"es"},{"@type":"Organization","@id":"https:\/\/www.ingema.com.uy\/ingema\/#organization","name":"ingema","url":"https:\/\/www.ingema.com.uy\/ingema\/","logo":{"@type":"ImageObject","inLanguage":"es","@id":"https:\/\/www.ingema.com.uy\/ingema\/#\/schema\/logo\/image\/","url":"https:\/\/www.ingema.com.uy\/ingema\/wp-content\/uploads\/2020\/11\/cropped-INGEMA-para-fondos-oscuros-e1701897516994.png","contentUrl":"https:\/\/www.ingema.com.uy\/ingema\/wp-content\/uploads\/2020\/11\/cropped-INGEMA-para-fondos-oscuros-e1701897516994.png","width":295,"height":80,"caption":"ingema"},"image":{"@id":"https:\/\/www.ingema.com.uy\/ingema\/#\/schema\/logo\/image\/"}}]}},"_links":{"self":[{"href":"https:\/\/www.ingema.com.uy\/ingema\/wp-json\/wp\/v2\/pages\/861"}],"collection":[{"href":"https:\/\/www.ingema.com.uy\/ingema\/wp-json\/wp\/v2\/pages"}],"about":[{"href":"https:\/\/www.ingema.com.uy\/ingema\/wp-json\/wp\/v2\/types\/page"}],"author":[{"embeddable":true,"href":"https:\/\/www.ingema.com.uy\/ingema\/wp-json\/wp\/v2\/users\/1"}],"replies":[{"embeddable":true,"href":"https:\/\/www.ingema.com.uy\/ingema\/wp-json\/wp\/v2\/comments?post=861"}],"version-history":[{"count":73,"href":"https:\/\/www.ingema.com.uy\/ingema\/wp-json\/wp\/v2\/pages\/861\/revisions"}],"predecessor-version":[{"id":1247,"href":"https:\/\/www.ingema.com.uy\/ingema\/wp-json\/wp\/v2\/pages\/861\/revisions\/1247"}],"up":[{"embeddable":true,"href":"https:\/\/www.ingema.com.uy\/ingema\/wp-json\/wp\/v2\/pages\/731"}],"wp:attachment":[{"href":"https:\/\/www.ingema.com.uy\/ingema\/wp-json\/wp\/v2\/media?parent=861"}],"curies":[{"name":"wp","href":"https:\/\/api.w.org\/{rel}","templated":true}]}}