{"id":1166,"date":"2024-01-15T13:44:58","date_gmt":"2024-01-15T16:44:58","guid":{"rendered":"https:\/\/www.ingema.com.uy\/ingema\/?page_id=1166"},"modified":"2024-01-16T09:04:38","modified_gmt":"2024-01-16T12:04:38","slug":"productos-2","status":"publish","type":"page","link":"https:\/\/www.ingema.com.uy\/ingema\/ingema-gestion-mantenimiento-integral\/productos-2\/","title":{"rendered":"Productos"},"content":{"rendered":"\t\t<div data-elementor-type=\"wp-post\" data-elementor-id=\"1166\" class=\"elementor elementor-1166\">\n\t\t\t\t\t\t\t\t\t<section class=\"elementor-section elementor-top-section elementor-element elementor-element-8cade41 elementor-section-content-middle elementor-section-boxed elementor-section-height-default elementor-section-height-default\" data-id=\"8cade41\" data-element_type=\"section\" data-settings=\"{&quot;background_background&quot;:&quot;classic&quot;,&quot;shape_divider_bottom&quot;:&quot;waves&quot;}\">\n\t\t\t\t\t\t\t<div class=\"elementor-background-overlay\"><\/div>\n\t\t\t\t\t\t<div class=\"elementor-shape elementor-shape-bottom\" data-negative=\"false\">\n\t\t\t<svg xmlns=\"http:\/\/www.w3.org\/2000\/svg\" viewBox=\"0 0 1000 100\" preserveAspectRatio=\"none\">\n\t<path class=\"elementor-shape-fill\" d=\"M421.9,6.5c22.6-2.5,51.5,0.4,75.5,5.3c23.6,4.9,70.9,23.5,100.5,35.7c75.8,32.2,133.7,44.5,192.6,49.7\n\tc23.6,2.1,48.7,3.5,103.4-2.5c54.7-6,106.2-25.6,106.2-25.6V0H0v30.3c0,0,72,32.6,158.4,30.5c39.2-0.7,92.8-6.7,134-22.4\n\tc21.2-8.1,52.2-18.2,79.7-24.2C399.3,7.9,411.6,7.5,421.9,6.5z\"\/>\n<\/svg>\t\t<\/div>\n\t\t\t\t\t<div class=\"elementor-container elementor-column-gap-default\">\n\t\t\t\t\t<div class=\"elementor-column elementor-col-100 elementor-top-column elementor-element elementor-element-6e21db4\" data-id=\"6e21db4\" data-element_type=\"column\">\n\t\t\t<div class=\"elementor-widget-wrap elementor-element-populated\">\n\t\t\t\t\t\t\t\t<div class=\"elementor-element elementor-element-591e599 elementor-widget elementor-widget-heading\" data-id=\"591e599\" data-element_type=\"widget\" data-widget_type=\"heading.default\">\n\t\t\t\t<div class=\"elementor-widget-container\">\n\t\t\t<h2 class=\"elementor-heading-title elementor-size-default\">Productos<\/h2>\t\t<\/div>\n\t\t\t\t<\/div>\n\t\t\t\t\t<\/div>\n\t\t<\/div>\n\t\t\t\t\t\t\t<\/div>\n\t\t<\/section>\n\t\t\t\t<section class=\"elementor-section elementor-top-section elementor-element elementor-element-84aaa01 elementor-section-boxed elementor-section-height-default elementor-section-height-default\" data-id=\"84aaa01\" data-element_type=\"section\">\n\t\t\t\t\t\t<div class=\"elementor-container elementor-column-gap-default\">\n\t\t\t\t\t<div class=\"elementor-column elementor-col-100 elementor-top-column elementor-element elementor-element-3bcdda2\" data-id=\"3bcdda2\" data-element_type=\"column\">\n\t\t\t<div class=\"elementor-widget-wrap elementor-element-populated\">\n\t\t\t\t\t\t\t\t<div class=\"elementor-element elementor-element-89e87fe elementor-widget elementor-widget-heading\" data-id=\"89e87fe\" data-element_type=\"widget\" data-widget_type=\"heading.default\">\n\t\t\t\t<div class=\"elementor-widget-container\">\n\t\t\t<h2 class=\"elementor-heading-title elementor-size-xl\">Productos<\/h2>\t\t<\/div>\n\t\t\t\t<\/div>\n\t\t\t\t\t<\/div>\n\t\t<\/div>\n\t\t\t\t\t\t\t<\/div>\n\t\t<\/section>\n\t\t\t\t<section class=\"elementor-section elementor-top-section elementor-element elementor-element-0b0ce06 elementor-section-boxed elementor-section-height-default elementor-section-height-default\" data-id=\"0b0ce06\" data-element_type=\"section\">\n\t\t\t\t\t\t<div class=\"elementor-container elementor-column-gap-default\">\n\t\t\t\t\t<div class=\"elementor-column elementor-col-50 elementor-top-column elementor-element elementor-element-b979d1c\" data-id=\"b979d1c\" data-element_type=\"column\">\n\t\t\t<div class=\"elementor-widget-wrap elementor-element-populated\">\n\t\t\t\t\t\t\t\t<div class=\"elementor-element elementor-element-a809853 elementor-widget elementor-widget-text-editor\" data-id=\"a809853\" data-element_type=\"widget\" data-widget_type=\"text-editor.default\">\n\t\t\t\t<div class=\"elementor-widget-container\">\n\t\t\t\t\t\t\t<p style=\"text-align: center;\"><strong>Software de mantenimiento CMMS.<\/strong><\/p><p>Un Sistema de Gesti\u00f3n de Mantenimiento Computarizado (CMMS) es una herramienta de software dise\u00f1ada para facilitar la planificaci\u00f3n, seguimiento y gesti\u00f3n eficiente de las actividades de mantenimiento en una organizaci\u00f3n. Algunos aspectos clave incluyen:<\/p><ol><li><p><span style=\"font-weight: bolder;\">Gesti\u00f3n de Activos:<\/span>\u00a0Ayuda a organizar y gestionar la informaci\u00f3n de los activos, pudiendo crear una jerarqu\u00eda de equipo y ubicaciones, historial de mantenimiento, acceso a manuales e informaci\u00f3n, codificar equipos en campo, etc.<\/p><\/li><li><p><strong>Planificaci\u00f3n y Programaci\u00f3n:<\/strong> Permite la planificaci\u00f3n y programar las distintas estrategias de mantenimiento (preventivo, correctivo, etc.), as\u00ed como el seguimiento en tiempo real de las actividades de mantenimiento.<\/p><\/li><li><p><span style=\"font-weight: bolder;\">Gesti\u00f3n de Trabajo:<\/span>\u00a0Permite asignar tareas a los t\u00e9cnicos, realizar un seguimiento del progreso y recibir solicitudes de parte de los usuarios finales sobre eventos cr\u00edticos.<\/p><\/li><li><p><strong>Inventario y Compras:<\/strong> Facilita el control del inventario de piezas y materiales necesarios para el mantenimiento, adem\u00e1s de optimizar los procesos de compra.<\/p><\/li><li><p><strong>Historial y Documentaci\u00f3n:<\/strong> Mantiene un registro detallado del historial de mantenimiento de cada activo, lo que puede ser valioso para an\u00e1lisis y auditor\u00edas.<\/p><\/li><li><p><strong>Informes y An\u00e1lisis:<\/strong> Ofrece herramientas para generar informes personalizados y realizar an\u00e1lisis para mejorar la eficiencia del mantenimiento.<\/p><\/li><\/ol>\t\t\t\t\t\t<\/div>\n\t\t\t\t<\/div>\n\t\t\t\t\t<\/div>\n\t\t<\/div>\n\t\t\t\t<div class=\"elementor-column elementor-col-50 elementor-top-column elementor-element elementor-element-86a4f14\" data-id=\"86a4f14\" data-element_type=\"column\">\n\t\t\t<div class=\"elementor-widget-wrap elementor-element-populated\">\n\t\t\t\t\t\t\t\t<div class=\"elementor-element elementor-element-c40442d elementor-widget elementor-widget-text-editor\" data-id=\"c40442d\" data-element_type=\"widget\" data-widget_type=\"text-editor.default\">\n\t\t\t\t<div class=\"elementor-widget-container\">\n\t\t\t\t\t\t\t<p style=\"text-align: center;\"><strong>Software de medici\u00f3n de OEE.<\/strong><\/p>\n<p>El software de medici\u00f3n de OEE es una herramienta esencial para impulsar la eficiencia operativa, reducir costos y aumentar la rentabilidad al proporcionar una visi\u00f3n clara y detallada del rendimiento de los equipos y procesos de producci\u00f3n.<\/p>\n<p>Es una soluci\u00f3n avanzada dise\u00f1ada para evaluar y optimizar el rendimiento operativo de una empresa. Esta herramienta permite medir con precisi\u00f3n la Eficiencia General del Equipo, proporcionando informaci\u00f3n clave sobre la disponibilidad, rendimiento y calidad de los equipos de producci\u00f3n.<\/p>\n<p>Con capacidades de seguimiento en tiempo real, el software OEE permite identificar y abordar de manera proactiva los cuellos de botella, reducir tiempos de inactividad no planificados y mejorar la eficiencia general de los procesos. Adem\u00e1s, facilita la toma de decisiones informada al ofrecer informes detallados y an\u00e1lisis que ayudan a la gesti\u00f3n a impulsar la productividad y maximizar el rendimiento de los activos.<\/p>\t\t\t\t\t\t<\/div>\n\t\t\t\t<\/div>\n\t\t\t\t\t<\/div>\n\t\t<\/div>\n\t\t\t\t\t\t\t<\/div>\n\t\t<\/section>\n\t\t\t\t\t\t\t<\/div>\n\t\t","protected":false},"excerpt":{"rendered":"<p>Productos Productos Software de mantenimiento CMMS. Un Sistema de Gesti\u00f3n de Mantenimiento Computarizado (CMMS) es una herramienta de software dise\u00f1ada para facilitar la planificaci\u00f3n, seguimiento y gesti\u00f3n eficiente de las actividades de mantenimiento en una organizaci\u00f3n. Algunos aspectos clave incluyen: Gesti\u00f3n de Activos:\u00a0Ayuda a organizar y gestionar la informaci\u00f3n de los activos, pudiendo crear una&hellip;<\/p>\n","protected":false},"author":1,"featured_media":0,"parent":731,"menu_order":0,"comment_status":"closed","ping_status":"closed","template":"","meta":{"footnotes":""},"yoast_head":"<!-- This site is optimized with the Yoast SEO plugin v21.6 - https:\/\/yoast.com\/wordpress\/plugins\/seo\/ -->\n<title>Productos - ingema<\/title>\n<meta name=\"robots\" content=\"index, follow, max-snippet:-1, max-image-preview:large, max-video-preview:-1\" \/>\n<link rel=\"canonical\" href=\"https:\/\/www.ingema.com.uy\/ingema\/ingema-gestion-mantenimiento-integral\/productos-2\/\" \/>\n<meta property=\"og:locale\" content=\"es_ES\" \/>\n<meta property=\"og:type\" content=\"article\" \/>\n<meta property=\"og:title\" content=\"Productos - ingema\" \/>\n<meta property=\"og:description\" content=\"Productos Productos Software de mantenimiento CMMS. Un Sistema de Gesti\u00f3n de Mantenimiento Computarizado (CMMS) es una herramienta de software dise\u00f1ada para facilitar la planificaci\u00f3n, seguimiento y gesti\u00f3n eficiente de las actividades de mantenimiento en una organizaci\u00f3n. Algunos aspectos clave incluyen: Gesti\u00f3n de Activos:\u00a0Ayuda a organizar y gestionar la informaci\u00f3n de los activos, pudiendo crear una&hellip;\" \/>\n<meta property=\"og:url\" content=\"https:\/\/www.ingema.com.uy\/ingema\/ingema-gestion-mantenimiento-integral\/productos-2\/\" \/>\n<meta property=\"og:site_name\" content=\"ingema\" \/>\n<meta property=\"article:modified_time\" content=\"2024-01-16T12:04:38+00:00\" \/>\n<meta name=\"twitter:card\" content=\"summary_large_image\" \/>\n<meta name=\"twitter:label1\" content=\"Tiempo de lectura\" \/>\n\t<meta name=\"twitter:data1\" content=\"2 minutos\" \/>\n<script type=\"application\/ld+json\" class=\"yoast-schema-graph\">{\"@context\":\"https:\/\/schema.org\",\"@graph\":[{\"@type\":\"WebPage\",\"@id\":\"https:\/\/www.ingema.com.uy\/ingema\/ingema-gestion-mantenimiento-integral\/productos-2\/\",\"url\":\"https:\/\/www.ingema.com.uy\/ingema\/ingema-gestion-mantenimiento-integral\/productos-2\/\",\"name\":\"Productos - ingema\",\"isPartOf\":{\"@id\":\"https:\/\/www.ingema.com.uy\/ingema\/#website\"},\"datePublished\":\"2024-01-15T16:44:58+00:00\",\"dateModified\":\"2024-01-16T12:04:38+00:00\",\"breadcrumb\":{\"@id\":\"https:\/\/www.ingema.com.uy\/ingema\/ingema-gestion-mantenimiento-integral\/productos-2\/#breadcrumb\"},\"inLanguage\":\"es\",\"potentialAction\":[{\"@type\":\"ReadAction\",\"target\":[\"https:\/\/www.ingema.com.uy\/ingema\/ingema-gestion-mantenimiento-integral\/productos-2\/\"]}]},{\"@type\":\"BreadcrumbList\",\"@id\":\"https:\/\/www.ingema.com.uy\/ingema\/ingema-gestion-mantenimiento-integral\/productos-2\/#breadcrumb\",\"itemListElement\":[{\"@type\":\"ListItem\",\"position\":1,\"name\":\"Portada\",\"item\":\"https:\/\/www.ingema.com.uy\/ingema\/\"},{\"@type\":\"ListItem\",\"position\":2,\"name\":\"Ingema &#8211; Gesti\u00f3n de Mantenimiento Integral\",\"item\":\"https:\/\/www.ingema.com.uy\/ingema\/\"},{\"@type\":\"ListItem\",\"position\":3,\"name\":\"Productos\"}]},{\"@type\":\"WebSite\",\"@id\":\"https:\/\/www.ingema.com.uy\/ingema\/#website\",\"url\":\"https:\/\/www.ingema.com.uy\/ingema\/\",\"name\":\"ingema\",\"description\":\"Ingenier\u00eda y mantenimiento\",\"publisher\":{\"@id\":\"https:\/\/www.ingema.com.uy\/ingema\/#organization\"},\"potentialAction\":[{\"@type\":\"SearchAction\",\"target\":{\"@type\":\"EntryPoint\",\"urlTemplate\":\"https:\/\/www.ingema.com.uy\/ingema\/?s={search_term_string}\"},\"query-input\":\"required name=search_term_string\"}],\"inLanguage\":\"es\"},{\"@type\":\"Organization\",\"@id\":\"https:\/\/www.ingema.com.uy\/ingema\/#organization\",\"name\":\"ingema\",\"url\":\"https:\/\/www.ingema.com.uy\/ingema\/\",\"logo\":{\"@type\":\"ImageObject\",\"inLanguage\":\"es\",\"@id\":\"https:\/\/www.ingema.com.uy\/ingema\/#\/schema\/logo\/image\/\",\"url\":\"https:\/\/www.ingema.com.uy\/ingema\/wp-content\/uploads\/2020\/11\/cropped-INGEMA-para-fondos-oscuros-e1701897516994.png\",\"contentUrl\":\"https:\/\/www.ingema.com.uy\/ingema\/wp-content\/uploads\/2020\/11\/cropped-INGEMA-para-fondos-oscuros-e1701897516994.png\",\"width\":295,\"height\":80,\"caption\":\"ingema\"},\"image\":{\"@id\":\"https:\/\/www.ingema.com.uy\/ingema\/#\/schema\/logo\/image\/\"}}]}<\/script>\n<!-- \/ Yoast SEO plugin. -->","yoast_head_json":{"title":"Productos - ingema","robots":{"index":"index","follow":"follow","max-snippet":"max-snippet:-1","max-image-preview":"max-image-preview:large","max-video-preview":"max-video-preview:-1"},"canonical":"https:\/\/www.ingema.com.uy\/ingema\/ingema-gestion-mantenimiento-integral\/productos-2\/","og_locale":"es_ES","og_type":"article","og_title":"Productos - ingema","og_description":"Productos Productos Software de mantenimiento CMMS. Un Sistema de Gesti\u00f3n de Mantenimiento Computarizado (CMMS) es una herramienta de software dise\u00f1ada para facilitar la planificaci\u00f3n, seguimiento y gesti\u00f3n eficiente de las actividades de mantenimiento en una organizaci\u00f3n. Algunos aspectos clave incluyen: Gesti\u00f3n de Activos:\u00a0Ayuda a organizar y gestionar la informaci\u00f3n de los activos, pudiendo crear una&hellip;","og_url":"https:\/\/www.ingema.com.uy\/ingema\/ingema-gestion-mantenimiento-integral\/productos-2\/","og_site_name":"ingema","article_modified_time":"2024-01-16T12:04:38+00:00","twitter_card":"summary_large_image","twitter_misc":{"Tiempo de lectura":"2 minutos"},"schema":{"@context":"https:\/\/schema.org","@graph":[{"@type":"WebPage","@id":"https:\/\/www.ingema.com.uy\/ingema\/ingema-gestion-mantenimiento-integral\/productos-2\/","url":"https:\/\/www.ingema.com.uy\/ingema\/ingema-gestion-mantenimiento-integral\/productos-2\/","name":"Productos - ingema","isPartOf":{"@id":"https:\/\/www.ingema.com.uy\/ingema\/#website"},"datePublished":"2024-01-15T16:44:58+00:00","dateModified":"2024-01-16T12:04:38+00:00","breadcrumb":{"@id":"https:\/\/www.ingema.com.uy\/ingema\/ingema-gestion-mantenimiento-integral\/productos-2\/#breadcrumb"},"inLanguage":"es","potentialAction":[{"@type":"ReadAction","target":["https:\/\/www.ingema.com.uy\/ingema\/ingema-gestion-mantenimiento-integral\/productos-2\/"]}]},{"@type":"BreadcrumbList","@id":"https:\/\/www.ingema.com.uy\/ingema\/ingema-gestion-mantenimiento-integral\/productos-2\/#breadcrumb","itemListElement":[{"@type":"ListItem","position":1,"name":"Portada","item":"https:\/\/www.ingema.com.uy\/ingema\/"},{"@type":"ListItem","position":2,"name":"Ingema &#8211; Gesti\u00f3n de Mantenimiento Integral","item":"https:\/\/www.ingema.com.uy\/ingema\/"},{"@type":"ListItem","position":3,"name":"Productos"}]},{"@type":"WebSite","@id":"https:\/\/www.ingema.com.uy\/ingema\/#website","url":"https:\/\/www.ingema.com.uy\/ingema\/","name":"ingema","description":"Ingenier\u00eda y mantenimiento","publisher":{"@id":"https:\/\/www.ingema.com.uy\/ingema\/#organization"},"potentialAction":[{"@type":"SearchAction","target":{"@type":"EntryPoint","urlTemplate":"https:\/\/www.ingema.com.uy\/ingema\/?s={search_term_string}"},"query-input":"required name=search_term_string"}],"inLanguage":"es"},{"@type":"Organization","@id":"https:\/\/www.ingema.com.uy\/ingema\/#organization","name":"ingema","url":"https:\/\/www.ingema.com.uy\/ingema\/","logo":{"@type":"ImageObject","inLanguage":"es","@id":"https:\/\/www.ingema.com.uy\/ingema\/#\/schema\/logo\/image\/","url":"https:\/\/www.ingema.com.uy\/ingema\/wp-content\/uploads\/2020\/11\/cropped-INGEMA-para-fondos-oscuros-e1701897516994.png","contentUrl":"https:\/\/www.ingema.com.uy\/ingema\/wp-content\/uploads\/2020\/11\/cropped-INGEMA-para-fondos-oscuros-e1701897516994.png","width":295,"height":80,"caption":"ingema"},"image":{"@id":"https:\/\/www.ingema.com.uy\/ingema\/#\/schema\/logo\/image\/"}}]}},"_links":{"self":[{"href":"https:\/\/www.ingema.com.uy\/ingema\/wp-json\/wp\/v2\/pages\/1166"}],"collection":[{"href":"https:\/\/www.ingema.com.uy\/ingema\/wp-json\/wp\/v2\/pages"}],"about":[{"href":"https:\/\/www.ingema.com.uy\/ingema\/wp-json\/wp\/v2\/types\/page"}],"author":[{"embeddable":true,"href":"https:\/\/www.ingema.com.uy\/ingema\/wp-json\/wp\/v2\/users\/1"}],"replies":[{"embeddable":true,"href":"https:\/\/www.ingema.com.uy\/ingema\/wp-json\/wp\/v2\/comments?post=1166"}],"version-history":[{"count":10,"href":"https:\/\/www.ingema.com.uy\/ingema\/wp-json\/wp\/v2\/pages\/1166\/revisions"}],"predecessor-version":[{"id":1251,"href":"https:\/\/www.ingema.com.uy\/ingema\/wp-json\/wp\/v2\/pages\/1166\/revisions\/1251"}],"up":[{"embeddable":true,"href":"https:\/\/www.ingema.com.uy\/ingema\/wp-json\/wp\/v2\/pages\/731"}],"wp:attachment":[{"href":"https:\/\/www.ingema.com.uy\/ingema\/wp-json\/wp\/v2\/media?parent=1166"}],"curies":[{"name":"wp","href":"https:\/\/api.w.org\/{rel}","templated":true}]}}